{"id":184,"date":"2025-08-21T17:59:42","date_gmt":"2025-08-21T17:59:42","guid":{"rendered":"https:\/\/update.priedes.com\/inicio\/"},"modified":"2025-08-21T20:02:09","modified_gmt":"2025-08-21T20:02:09","slug":"inicio","status":"publish","type":"page","link":"https:\/\/update.priedes.com\/en\/","title":{"rendered":"Home"},"content":{"rendered":"<div class=\"wp-block-cover alignfull is-light hestia-clear-top-padding\"><span aria-hidden=\"true\" class=\"wp-block-cover__background has-white-background-color has-background-dim-100 has-background-dim\"><\/span><div class=\"wp-block-cover__inner-container is-layout-flow wp-block-cover-is-layout-flow\">\n<h2 class=\"wp-block-heading has-text-align-center has-text-color\" style=\"color:#3c4858\">Priedes stands out for<\/h2>\n\n\n\n<div style=\"height:40px\" aria-hidden=\"true\" class=\"wp-block-spacer\"><\/div>\n\n\n\n<div class=\"wp-block-columns container is-layout-flex wp-container-core-columns-is-layout-28f84493 wp-block-columns-is-layout-flex\">\n<div class=\"wp-block-column is-layout-flow wp-block-column-is-layout-flow\"><div class=\"wp-block-image\">\n<figure class=\"aligncenter size-large\"><img decoding=\"async\" src=\"https:\/\/update.priedes.com\/wp-content\/themes\/hestia\/assets\/img\/feat1.png\" alt=\"\" class=\"wp-image-70\"\/><\/figure><\/div>\n\n\n<h5 class=\"wp-block-heading has-text-align-center has-text-color\" style=\"color:#3c4858;font-size:18px\">Responsibility<\/h5>\n\n\n\n<p class=\"has-text-align-center has-text-color\" style=\"color:#999999;font-size:14px\">At <strong>Priedes<\/strong> we approach every project with a commitment to providing reliable and transparent solutions. We believe in the importance of serving our clients, ensuring integrity at every stage and ensuring their needs are always our priority.<\/p>\n\n\n\n<div style=\"height:25px\" aria-hidden=\"true\" class=\"wp-block-spacer\"><\/div>\n<\/div>\n\n\n\n<div class=\"wp-block-column is-layout-flow wp-block-column-is-layout-flow\"><div class=\"wp-block-image\">\n<figure class=\"aligncenter size-large\"><img decoding=\"async\" src=\"https:\/\/update.priedes.com\/wp-content\/themes\/hestia\/assets\/img\/feat2.png\" alt=\"\" class=\"wp-image-71\"\/><\/figure><\/div>\n\n\n<h5 class=\"wp-block-heading has-text-align-center has-text-color\" style=\"color:#3c4858;font-size:18px\">Quality<\/h5>\n\n\n\n<p class=\"has-text-align-center has-text-color\" style=\"color:#999999;font-size:14px\">Our work is supported by high quality standards. We apply best practices, technologies, and methodologies to ensure that each service or product delivered meets expectations and exceeds expected results.<\/p>\n\n\n\n<div style=\"height:25px\" aria-hidden=\"true\" class=\"wp-block-spacer\"><\/div>\n<\/div>\n\n\n\n<div class=\"wp-block-column is-layout-flow wp-block-column-is-layout-flow\"><div class=\"wp-block-image\">\n<figure class=\"aligncenter size-large\"><img decoding=\"async\" src=\"https:\/\/update.priedes.com\/wp-content\/themes\/hestia\/assets\/img\/feat3.png\" alt=\"\" class=\"wp-image-72\"\/><\/figure><\/div>\n\n\n<h5 class=\"wp-block-heading has-text-align-center has-text-color\" style=\"color:#3c4858;font-size:18px\">Support<\/h5>\n\n\n\n<p class=\"has-text-align-center has-text-color\" style=\"color:#999999;font-size:14px\">We support our clients before, during, and after each project. Our team of specialists provides close, efficient, and ongoing support, because we understand that trust is built by always being available when needed most.<\/p>\n\n\n\n<div style=\"height:25px\" aria-hidden=\"true\" class=\"wp-block-spacer\"><\/div>\n<\/div>\n<\/div>\n\n\n\n<div style=\"height:40px\" aria-hidden=\"true\" class=\"wp-block-spacer\"><\/div>\n<\/div><\/div>\n\n\n\n<div class=\"wp-block-columns container is-layout-flex wp-container-core-columns-is-layout-28f84493 wp-block-columns-is-layout-flex\">\n<div class=\"wp-block-column col-md-5 is-layout-flow wp-block-column-is-layout-flow\">\n<div style=\"height:55px\" aria-hidden=\"true\" class=\"wp-block-spacer\"><\/div>\n\n\n\n<h2 class=\"wp-block-heading\">About us<\/h2>\n\n\n\n<p>Priedes is a company founded by a team of professionals who have been working on various projects for over 10 years for public and private institutions and companies, professionals, and others. We develop and implement software solutions tailored to the size and needs of our clients and the technological age we live in.<br><br>Over the years, we've expanded our expertise in various technologies, becoming capable of handling a variety of software solutions designed to meet and satisfy our clients' needs.<br><br>Our point of differentiation is: Providing the best in technology tailored to our clients' needs, following our business relationship from start to finish with our After-Sales Support.<\/p>\n<\/div>\n\n\n\n<div class=\"wp-block-column col-md-6 col-md-offset1 is-layout-flow wp-block-column-is-layout-flow\">\n<div style=\"height:55px\" aria-hidden=\"true\" class=\"wp-block-spacer\"><\/div>\n\n\n\n<figure class=\"wp-block-image size-large\"><img decoding=\"async\" src=\"https:\/\/update.priedes.com\/wp-content\/themes\/hestia\/assets\/img\/about-content.png\" alt=\"\" class=\"wp-image-81\"\/><\/figure>\n\n\n\n<p><\/p>\n<\/div>\n<\/div>\n\n\n\n<p><\/p>","protected":false},"excerpt":{"rendered":"<p>Nosotros Priedes una empresa creada por un equipo de profesionales que venimos por mas de 10 a\u00f1os trabajando en distintos proyectos para instituciones y empresas p\u00fablicas y privadas, profesionales y otros. Desarrollando e implementando soluciones de software acorde al tama\u00f1o y necesidad del cliente y al tiempo tecnol\u00f3gico que vivimos. [&hellip;]<\/p>","protected":false},"author":1,"featured_media":221,"parent":0,"menu_order":0,"comment_status":"closed","ping_status":"closed","template":"","meta":{"_uag_custom_page_level_css":"","_themeisle_gutenberg_block_has_review":false,"footnotes":""},"class_list":["post-184","page","type-page","status-publish","has-post-thumbnail","hentry"],"uagb_featured_image_src":{"full":["https:\/\/update.priedes.com\/wp-content\/uploads\/2025\/08\/technology-4816658_1280.jpg",1280,825,false],"thumbnail":["https:\/\/update.priedes.com\/wp-content\/uploads\/2025\/08\/technology-4816658_1280-150x150.jpg",150,150,true],"medium":["https:\/\/update.priedes.com\/wp-content\/uploads\/2025\/08\/technology-4816658_1280-300x300.jpg",300,300,true],"medium_large":["https:\/\/update.priedes.com\/wp-content\/uploads\/2025\/08\/technology-4816658_1280-768x768.jpg",750,750,true],"large":["https:\/\/update.priedes.com\/wp-content\/uploads\/2025\/08\/technology-4816658_1280-1024x825.jpg",750,604,true],"1536x1536":["https:\/\/update.priedes.com\/wp-content\/uploads\/2025\/08\/technology-4816658_1280.jpg",1280,825,false],"2048x2048":["https:\/\/update.priedes.com\/wp-content\/uploads\/2025\/08\/technology-4816658_1280.jpg",1280,825,false],"trp-custom-language-flag":["https:\/\/update.priedes.com\/wp-content\/uploads\/2025\/08\/technology-4816658_1280-18x12.jpg",18,12,true],"hestia-blog":["https:\/\/update.priedes.com\/wp-content\/uploads\/2025\/08\/technology-4816658_1280-360x240.jpg",360,240,true],"woocommerce_thumbnail_2x":["https:\/\/update.priedes.com\/wp-content\/uploads\/2025\/08\/technology-4816658_1280.jpg",460,296,false],"woocommerce_thumbnail":["https:\/\/update.priedes.com\/wp-content\/uploads\/2025\/08\/technology-4816658_1280-230x350.jpg",230,350,true],"woocommerce_single":["https:\/\/update.priedes.com\/wp-content\/uploads\/2025\/08\/technology-4816658_1280-600x387.jpg",600,387,true],"woocommerce_gallery_thumbnail":["https:\/\/update.priedes.com\/wp-content\/uploads\/2025\/08\/technology-4816658_1280-160x160.jpg",160,160,true]},"uagb_author_info":{"display_name":"julio.ale","author_link":"https:\/\/update.priedes.com\/en\/author\/julio-ale\/"},"uagb_comment_info":0,"uagb_excerpt":"Nosotros Priedes una empresa creada por un equipo de profesionales que venimos por mas de 10 a\u00f1os trabajando en distintos proyectos para instituciones y empresas p\u00fablicas y privadas, profesionales y otros. Desarrollando e implementando soluciones de software acorde al tama\u00f1o y necesidad del cliente y al tiempo tecnol\u00f3gico que vivimos. [&hellip;]","_links":{"self":[{"href":"https:\/\/update.priedes.com\/en\/wp-json\/wp\/v2\/pages\/184","targetHints":{"allow":["GET"]}}],"collection":[{"href":"https:\/\/update.priedes.com\/en\/wp-json\/wp\/v2\/pages"}],"about":[{"href":"https:\/\/update.priedes.com\/en\/wp-json\/wp\/v2\/types\/page"}],"author":[{"embeddable":true,"href":"https:\/\/update.priedes.com\/en\/wp-json\/wp\/v2\/users\/1"}],"replies":[{"embeddable":true,"href":"https:\/\/update.priedes.com\/en\/wp-json\/wp\/v2\/comments?post=184"}],"version-history":[{"count":2,"href":"https:\/\/update.priedes.com\/en\/wp-json\/wp\/v2\/pages\/184\/revisions"}],"predecessor-version":[{"id":208,"href":"https:\/\/update.priedes.com\/en\/wp-json\/wp\/v2\/pages\/184\/revisions\/208"}],"wp:featuredmedia":[{"embeddable":true,"href":"https:\/\/update.priedes.com\/en\/wp-json\/wp\/v2\/media\/221"}],"wp:attachment":[{"href":"https:\/\/update.priedes.com\/en\/wp-json\/wp\/v2\/media?parent=184"}],"curies":[{"name":"wp","href":"https:\/\/api.w.org\/{rel}","templated":true}]}}